{"id":671,"date":"2024-01-15T20:19:56","date_gmt":"2024-01-15T18:19:56","guid":{"rendered":"https:\/\/www.haraldin.fi\/etusivu\/"},"modified":"2024-01-18T04:20:08","modified_gmt":"2024-01-18T02:20:08","slug":"front-page","status":"publish","type":"page","link":"https:\/\/www.haraldin.fi\/en\/","title":{"rendered":"Front page"},"content":{"rendered":"<section class=\"wpb-content-wrapper\"><p>[vc_section full_width=&#8221;stretch_row&#8221; css=&#8221;.vc_custom_1705354745529{padding-top: 0px !important;background-image: url(https:\/\/www.haraldin.fi\/wp-content\/uploads\/tausta_ruskea.jpg?id=132) !important;background-position: 0 0 !important;background-repeat: repeat !important;}&#8221;][vc_row css=&#8221;.vc_custom_1705354779111{padding-top: 2em !important;}&#8221;][vc_column]\n\t\t\t<!-- START Etusivu EN REVOLUTION SLIDER 6.6.10 --><p class=\"rs-p-wp-fix\"><\/p>\n\t\t\t<rs-module-wrap id=\"rev_slider_2_1_wrapper\" data-source=\"gallery\" style=\"visibility:hidden;background:transparent;padding:0;margin:0px auto;margin-top:0;margin-bottom:0;\">\n\t\t\t\t<rs-module id=\"rev_slider_2_1\" style=\"\" data-version=\"6.6.10\">\n\t\t\t\t\t<rs-slides style=\"overflow: hidden; position: absolute;\">\n\t\t\t\t\t\t<rs-slide style=\"position: absolute;\" data-key=\"rs-11\" data-title=\"Slide\" data-anim=\"adpr:false;ms:1500ms;\" data-in=\"o:0;\" data-out=\"a:false;\">\n\t\t\t\t\t\t\t<img decoding=\"async\" src=\"\/\/www.haraldin.fi\/wp-content\/plugins\/revslider\/public\/assets\/assets\/dummy.png\" alt=\"\" title=\"thyra-gorm-nilkkuri_1170-01\" width=\"1170\" height=\"878\" class=\"rev-slidebg tp-rs-img rs-lazyload\" data-lazyload=\"\/\/www.haraldin.fi\/wp-content\/uploads\/thyra-gorm-nilkkuri_1170-01.jpg\" data-no-retina>\n<!---->\t\t\t\t\t\t<\/rs-slide>\n\t\t\t\t\t\t<rs-slide style=\"position: absolute;\" data-key=\"rs-12\" data-title=\"Slide\" data-anim=\"ms:1500ms;\" data-in=\"o:0;\">\n\t\t\t\t\t\t\t<img decoding=\"async\" src=\"\/\/www.haraldin.fi\/wp-content\/plugins\/revslider\/public\/assets\/assets\/dummy.png\" alt=\"\" title=\"thyra-gorm-avokas_1170-01\" width=\"1170\" height=\"878\" class=\"rev-slidebg tp-rs-img rs-lazyload\" data-lazyload=\"\/\/www.haraldin.fi\/wp-content\/uploads\/thyra-gorm-avokas_1170-01.jpg\" data-no-retina>\n<!---->\t\t\t\t\t\t<\/rs-slide>\n\t\t\t\t\t\t<rs-slide style=\"position: absolute;\" data-key=\"rs-13\" data-title=\"Slide\" data-anim=\"ms:1500ms;\" data-in=\"o:0;\">\n\t\t\t\t\t\t\t<img decoding=\"async\" src=\"\/\/www.haraldin.fi\/wp-content\/plugins\/revslider\/public\/assets\/assets\/dummy.png\" alt=\"\" title=\"thyra-gorm-nilkkuri_1170-02\" width=\"1170\" height=\"878\" class=\"rev-slidebg tp-rs-img rs-lazyload\" data-lazyload=\"\/\/www.haraldin.fi\/wp-content\/uploads\/thyra-gorm-nilkkuri_1170-02.jpg\" data-no-retina>\n<!---->\t\t\t\t\t\t<\/rs-slide>\n\t\t\t\t\t\t<rs-slide style=\"position: absolute;\" data-key=\"rs-14\" data-title=\"Slide\" data-anim=\"ms:1500ms;\" data-in=\"o:0;\">\n\t\t\t\t\t\t\t<img decoding=\"async\" src=\"\/\/www.haraldin.fi\/wp-content\/plugins\/revslider\/public\/assets\/assets\/dummy.png\" alt=\"\" title=\"thyra-gorm-avokas_1170-02\" width=\"1170\" height=\"878\" class=\"rev-slidebg tp-rs-img rs-lazyload\" data-lazyload=\"\/\/www.haraldin.fi\/wp-content\/uploads\/thyra-gorm-avokas_1170-02.jpg\" data-no-retina>\n<!---->\t\t\t\t\t\t<\/rs-slide>\n\t\t\t\t\t\t<rs-slide style=\"position: absolute;\" data-key=\"rs-15\" data-title=\"Slide\" data-anim=\"ms:1500ms;\" data-in=\"o:0;\">\n\t\t\t\t\t\t\t<img decoding=\"async\" src=\"\/\/www.haraldin.fi\/wp-content\/plugins\/revslider\/public\/assets\/assets\/dummy.png\" alt=\"\" title=\"thyra-gorm-nilkkuri_1170-03\" width=\"1170\" height=\"878\" class=\"rev-slidebg tp-rs-img rs-lazyload\" data-lazyload=\"\/\/www.haraldin.fi\/wp-content\/uploads\/thyra-gorm-nilkkuri_1170-03.jpg\" data-no-retina>\n<!---->\t\t\t\t\t\t<\/rs-slide>\n\t\t\t\t\t\t<rs-slide style=\"position: absolute;\" data-key=\"rs-16\" data-title=\"Slide\" data-anim=\"ms:1500ms;\" data-in=\"o:0;\">\n\t\t\t\t\t\t\t<img decoding=\"async\" src=\"\/\/www.haraldin.fi\/wp-content\/plugins\/revslider\/public\/assets\/assets\/dummy.png\" alt=\"\" title=\"thyra-gorm-avokas_1170-03\" width=\"1170\" height=\"878\" class=\"rev-slidebg tp-rs-img rs-lazyload\" data-lazyload=\"\/\/www.haraldin.fi\/wp-content\/uploads\/thyra-gorm-avokas_1170-03.jpg\" data-no-retina>\n<!---->\t\t\t\t\t\t<\/rs-slide>\n\t\t\t\t\t\t<rs-slide style=\"position: absolute;\" data-key=\"rs-17\" data-title=\"Slide\" data-anim=\"ms:1500ms;\" data-in=\"o:0;\">\n\t\t\t\t\t\t\t<img decoding=\"async\" src=\"\/\/www.haraldin.fi\/wp-content\/plugins\/revslider\/public\/assets\/assets\/dummy.png\" alt=\"\" title=\"thyra-gorm-nilkkuri_1170-04\" width=\"1170\" height=\"878\" class=\"rev-slidebg tp-rs-img rs-lazyload\" data-lazyload=\"\/\/www.haraldin.fi\/wp-content\/uploads\/thyra-gorm-nilkkuri_1170-04.jpg\" data-no-retina>\n<!---->\t\t\t\t\t\t<\/rs-slide>\n\t\t\t\t\t\t<rs-slide style=\"position: absolute;\" data-key=\"rs-18\" data-title=\"Slide\" data-anim=\"ms:1500ms;\" data-in=\"o:0;\" data-out=\"a:false;\">\n\t\t\t\t\t\t\t<img decoding=\"async\" src=\"\/\/www.haraldin.fi\/wp-content\/plugins\/revslider\/public\/assets\/assets\/dummy.png\" alt=\"\" title=\"thyra-gorm-avokas_1170-04\" width=\"1170\" height=\"878\" class=\"rev-slidebg tp-rs-img rs-lazyload\" data-lazyload=\"\/\/www.haraldin.fi\/wp-content\/uploads\/thyra-gorm-avokas_1170-04.jpg\" data-no-retina>\n<!---->\t\t\t\t\t\t<\/rs-slide>\n\t\t\t\t\t\t<rs-slide style=\"position: absolute;\" data-key=\"rs-19\" data-title=\"Slide\" data-anim=\"ms:1500ms;\" data-in=\"o:0;\" data-out=\"a:false;\">\n\t\t\t\t\t\t\t<img decoding=\"async\" src=\"\/\/www.haraldin.fi\/wp-content\/plugins\/revslider\/public\/assets\/assets\/dummy.png\" alt=\"\" title=\"thyra-gorm-nilkkuri_1170-05\" width=\"1170\" height=\"878\" class=\"rev-slidebg tp-rs-img rs-lazyload\" data-lazyload=\"\/\/www.haraldin.fi\/wp-content\/uploads\/thyra-gorm-nilkkuri_1170-05.jpg\" data-no-retina>\n<!---->\t\t\t\t\t\t<\/rs-slide>\n\t\t\t\t\t\t<rs-slide style=\"position: absolute;\" data-key=\"rs-20\" data-title=\"Slide\" data-anim=\"ms:1500ms;\" data-in=\"o:0;\" data-out=\"a:false;\">\n\t\t\t\t\t\t\t<img decoding=\"async\" src=\"\/\/www.haraldin.fi\/wp-content\/plugins\/revslider\/public\/assets\/assets\/dummy.png\" alt=\"\" title=\"thyra-gorm-avokas_05\" width=\"1170\" height=\"878\" class=\"rev-slidebg tp-rs-img rs-lazyload\" data-lazyload=\"\/\/www.haraldin.fi\/wp-content\/uploads\/thyra-gorm-avokas_05.jpg\" data-no-retina>\n<!---->\t\t\t\t\t\t<\/rs-slide>\n\t\t\t\t\t<\/rs-slides>\n\t\t\t\t\t<rs-static-layers><!--\n\t\t\t\t\t--><\/rs-static-layers>\n\t\t\t\t<\/rs-module>\n\t\t\t\t<script>\n\t\t\t\t\tsetREVStartSize({c: 'rev_slider_2_1',rl:[1240,1024,778,480],el:[878],gw:[1170],gh:[878],type:'standard',justify:'',layout:'fullwidth',mh:\"0\"});if (window.RS_MODULES!==undefined && window.RS_MODULES.modules!==undefined && window.RS_MODULES.modules[\"revslider21\"]!==undefined) {window.RS_MODULES.modules[\"revslider21\"].once = false;window.revapi2 = undefined;if (window.RS_MODULES.checkMinimal!==undefined) window.RS_MODULES.checkMinimal()}\n\t\t\t\t<\/script>\n\t\t\t<\/rs-module-wrap>\n\t\t\t<!-- END REVOLUTION SLIDER -->\n<div class=\"sc_layouts sc_layouts_default sc_layouts_86  vc_custom_1705354882579\">[vc_row full_width=\"stretch_row_content_no_spaces\"][vc_column icons_position=\"left\" css=\".vc_custom_1705357010772{padding-bottom: 0.4em !important;}\"][vc_empty_space height=\"10px\" alter_height=\"none\" hide_on_mobile=\"\" css=\".vc_custom_1705351012696{background-image: url(https:\/\/www.haraldin.fi\/wp-content\/uploads\/saumalanka.png?id=69) !important;background-position: 0 0 !important;background-repeat: repeat !important;}\"][\/vc_column][\/vc_row]<\/div>[\/vc_column][\/vc_row][\/vc_section][vc_section full_width=&#8221;stretch_row&#8221; disable_element=&#8221;yes&#8221; css=&#8221;.vc_custom_1705445768843{padding-top: 0px !important;background-image: url(https:\/\/www.haraldin.fi\/wp-content\/uploads\/tausta_oranssi.jpg?id=136) !important;background-position: 0 0 !important;background-repeat: repeat !important;}&#8221;][vc_row][vc_column width=&#8221;2\/3&#8243; offset=&#8221;vc_col-lg-offset-2&#8243;][vc_column_text css=&#8221;.vc_custom_1705355099142{margin-top: 3em !important;margin-bottom: 2em !important;}&#8221;]<\/p>\n<h1><span style=\"color: #ffcc99;\"><span id=\"page1R_mcid1\" class=\"markedContent\"><span dir=\"ltr\" role=\"presentation\">Thyra Gorm -nilkkurit on kuratoitu vastuulliseksi tuotteeksi<\/span><\/span><\/span><\/h1>\n<p>[\/vc_column_text][vc_column_text]Kuratointi tarkoittaa valintaprosessia, jossa Vastuullisuuspaneeli arvioi mahdollistaako tuote tai palvelu kest\u00e4v\u00e4\u00e4 el\u00e4m\u00e4ntapaa. Vastuullisuusarvioinnit perustuvat yritysten antamaan tai julkisista l\u00e4hteist\u00e4 saatavilla olevaan tietoon.<\/p>\n<p>Koko valikoiman <a href=\"https:\/\/ostavastuullisesti.fi\" target=\"_blank\" rel=\"noopener\">Ostavastuullisesti.fi -sivustolle<\/a> kuratoi riippumattomista asiantuntijoista koostuva Vastuullisuuspaneeli, jonka j\u00e4senet ovat kest\u00e4v\u00e4n tuotannon ja kulutuksen eri osa-alueiden pitk\u00e4n linjan asiantuntijoita.<\/p>\n<p>Vastuulliset tuotteet ja palvelut on tuotettu ekologisesti kest\u00e4v\u00e4sti ja sosiaalista oikeudenmukaisuutta kunnioittaen.<\/p>\n<p><strong>Tervetuloa vastuullisille ostoksille Haraldin Kenk\u00e4\u00e4n!<\/strong>[\/vc_column_text][\/vc_column][vc_column css=&#8221;.vc_custom_1705355390387{margin-top: 4em !important;}&#8221;]<div class=\"sc_layouts sc_layouts_default sc_layouts_86\">[vc_row full_width=\"stretch_row_content_no_spaces\"][vc_column icons_position=\"left\" css=\".vc_custom_1705357010772{padding-bottom: 0.4em !important;}\"][vc_empty_space height=\"10px\" alter_height=\"none\" hide_on_mobile=\"\" css=\".vc_custom_1705351012696{background-image: url(https:\/\/www.haraldin.fi\/wp-content\/uploads\/saumalanka.png?id=69) !important;background-position: 0 0 !important;background-repeat: repeat !important;}\"][\/vc_column][\/vc_row]<\/div>[\/vc_column][\/vc_row][\/vc_section]<\/p>\n<\/section>","protected":false},"excerpt":{"rendered":"<p>[vc_section full_width=&#8221;stretch_row&#8221; css=&#8221;.vc_custom_1705354745529{padding-top: 0px !important;background-image: url(https:\/\/www.haraldin.fi\/wp-content\/uploads\/tausta_ruskea.jpg?id=132) !important;background-position: 0 0 !important;background-repeat: repeat !important;}&#8221;][vc_row css=&#8221;.vc_custom_1705354779111{padding-top: 2em !important;}&#8221;][vc_column][\/vc_column][\/vc_row][\/vc_section][vc_section full_width=&#8221;stretch_row&#8221; disable_element=&#8221;yes&#8221; css=&#8221;.vc_custom_1705445768843{padding-top: 0px !important;background-image: url(https:\/\/www.haraldin.fi\/wp-content\/uploads\/tausta_oranssi.jpg?id=136) !important;background-position: 0 0 !important;background-repeat: repeat !important;}&#8221;][vc_row][vc_column width=&#8221;2\/3&#8243; offset=&#8221;vc_col-lg-offset-2&#8243;][vc_column_text css=&#8221;.vc_custom_1705355099142{margin-top: 3em !important;margin-bottom: 2em !important;}&#8221;] Thyra Gorm -nilkkurit on kuratoitu vastuulliseksi tuotteeksi [\/vc_column_text][vc_column_text]Kuratointi tarkoittaa valintaprosessia, jossa Vastuullisuuspaneeli arvioi mahdollistaako tuote tai palvelu kest\u00e4v\u00e4\u00e4 el\u00e4m\u00e4ntapaa. Vastuullisuusarvioinnit perustuvat yritysten antamaan tai julkisista l\u00e4hteist\u00e4&hellip;<\/p>\n","protected":false},"author":1,"featured_media":0,"parent":0,"menu_order":0,"comment_status":"closed","ping_status":"closed","template":"","meta":{"slim_seo":{"description":"Fine Thyra Gorm -shoes, hand crafted made-to-measure shoes and custom leather goods in Punavuori, Helsinki.","title":"Haraldin Kenk\u00e4 | Thyra Gorm - K\u00e4sity\u00f6n\u00e4 valmistetut keng\u00e4t"},"footnotes":""},"class_list":["post-671","page","type-page","status-publish","hentry"],"_links":{"self":[{"href":"https:\/\/www.haraldin.fi\/en\/wp-json\/wp\/v2\/pages\/671","targetHints":{"allow":["GET"]}}],"collection":[{"href":"https:\/\/www.haraldin.fi\/en\/wp-json\/wp\/v2\/pages"}],"about":[{"href":"https:\/\/www.haraldin.fi\/en\/wp-json\/wp\/v2\/types\/page"}],"author":[{"embeddable":true,"href":"https:\/\/www.haraldin.fi\/en\/wp-json\/wp\/v2\/users\/1"}],"replies":[{"embeddable":true,"href":"https:\/\/www.haraldin.fi\/en\/wp-json\/wp\/v2\/comments?post=671"}],"version-history":[{"count":1,"href":"https:\/\/www.haraldin.fi\/en\/wp-json\/wp\/v2\/pages\/671\/revisions"}],"predecessor-version":[{"id":749,"href":"https:\/\/www.haraldin.fi\/en\/wp-json\/wp\/v2\/pages\/671\/revisions\/749"}],"wp:attachment":[{"href":"https:\/\/www.haraldin.fi\/en\/wp-json\/wp\/v2\/media?parent=671"}],"curies":[{"name":"wp","href":"https:\/\/api.w.org\/{rel}","templated":true}]}}